{"id":182,"date":"2021-04-30T14:36:19","date_gmt":"2021-04-30T12:36:19","guid":{"rendered":"https:\/\/support.kapt.mobi\/?page_id=182"},"modified":"2021-07-15T14:01:36","modified_gmt":"2021-07-15T12:01:36","slug":"contact","status":"publish","type":"page","link":"https:\/\/support.kapt.mobi\/index.php\/contact\/","title":{"rendered":"Contact"},"content":{"rendered":"\n<h2 class=\"wp-block-heading\">Un probl\u00e8me, une question ?<\/h2>\n\n\n\n<div class=\"wp-block-columns is-layout-flex wp-container-core-columns-is-layout-9d6595d7 wp-block-columns-is-layout-flex\">\n<div class=\"wp-block-column is-layout-flow wp-block-column-is-layout-flow\">\n<p>Besoin d&#8217;informations compl\u00e9mentaires ? ou tout simplement de reprendre contact ?<\/p>\n<p>N&#8217;h\u00e9sitez pas \u00e0 nous envoyer un message via ce formulaire. \ud83d\ude09\u00a0<\/p>\n<p><img decoding=\"async\" class=\"alignnone  wp-image-3633\" src=\"http:\/\/support.kapt.mobi\/wp-content\/uploads\/2021\/07\/undraw_contact_us_15o2-300x165.png\" alt=\"\" width=\"292\" height=\"161\" srcset=\"https:\/\/support.kapt.mobi\/wp-content\/uploads\/2021\/07\/undraw_contact_us_15o2-300x165.png 300w, https:\/\/support.kapt.mobi\/wp-content\/uploads\/2021\/07\/undraw_contact_us_15o2-1024x563.png 1024w, https:\/\/support.kapt.mobi\/wp-content\/uploads\/2021\/07\/undraw_contact_us_15o2-768x423.png 768w, https:\/\/support.kapt.mobi\/wp-content\/uploads\/2021\/07\/undraw_contact_us_15o2.png 1336w\" sizes=\"(max-width: 292px) 100vw, 292px\" \/><\/p>\n<h4>Nous rencontrer :<\/h4>\n<h5>\u00a0&#8211; Rovaltain &#8211;\u00a0Gare Valence TGV\u00a0:<\/h5>\n<p>B\u00e2timent INEED\u00a0<br \/>1, rue Marc Seguin\u00a0<br \/>26300 ALIXAN<\/p>\n<h5>&#8211; Lyon :<\/h5>\n<p>18 Co-Working\u00a0<br \/>18, rue Servient\u00a0<br \/>69003 LYON<\/p>\n<h4>T\u00e9l\u00e9phone (on aime moins \u00e7a) :<\/h4>\n<p><a href=\"tel:+33(0)458000101\">+33 (0)4 58 00 01 01<\/a><\/p>\n<p>\u00a0<\/p>\n<\/div>\n\n\n\n<div class=\"wp-block-column is-layout-flow wp-block-column-is-layout-flow\">\n<p><em>Les champs marqu\u00e9s d&#8217;un * sont obligatoires.<\/em><\/p>\n\n\n<div class=\"frm_forms  with_frm_style frm_style_style-formidable\" id=\"frm_form_2_container\" >\n<form enctype=\"multipart\/form-data\" method=\"post\" class=\"frm-show-form \" id=\"form_contact\" >\n<div class=\"frm_form_fields \">\n<fieldset>\n<legend class=\"frm_screen_reader\">Contact<\/legend>\r\n\r\n<div class=\"frm_fields_container\">\n<input type=\"hidden\" name=\"frm_action\" value=\"create\" \/>\n<input type=\"hidden\" name=\"form_id\" value=\"2\" \/>\n<input type=\"hidden\" name=\"frm_hide_fields_2\" id=\"frm_hide_fields_2\" value=\"\" \/>\n<input type=\"hidden\" name=\"form_key\" value=\"contact\" \/>\n<input type=\"hidden\" name=\"item_meta[0]\" value=\"\" \/>\n<input type=\"hidden\" id=\"frm_submit_entry_2\" name=\"frm_submit_entry_2\" value=\"15ecda0707\" \/><input type=\"hidden\" name=\"_wp_http_referer\" value=\"\/index.php\/wp-json\/wp\/v2\/pages\/182\" \/><div id=\"frm_field_6_container\" class=\"frm_form_field form-field  frm_required_field frm_top_container frm_half\">\r\n    <label for=\"field_ug78k\" id=\"field_ug78k_label\" class=\"frm_primary_label\">Nom\r\n        <span class=\"frm_required\" aria-hidden=\"true\">*<\/span>\r\n    <\/label>\r\n    <input type=\"text\" id=\"field_ug78k\" name=\"item_meta[6]\" value=\"\"  maxlength=\"255\" placeholder=\"Votre nom\" data-reqmsg=\"Ce champ ne peut pas \u00eatre vide\" aria-required=\"true\" data-invmsg=\"texte est non valide\" aria-invalid=\"false\"  \/>\r\n    \r\n    \r\n<\/div>\n<div id=\"frm_field_7_container\" class=\"frm_form_field form-field  frm_required_field frm_top_container frm_half\">\r\n    <label for=\"field_2b3ml\" id=\"field_2b3ml_label\" class=\"frm_primary_label\">Pr\u00e9nom\r\n        <span class=\"frm_required\" aria-hidden=\"true\">*<\/span>\r\n    <\/label>\r\n    <input type=\"text\" id=\"field_2b3ml\" name=\"item_meta[7]\" value=\"\"  maxlength=\"255\" placeholder=\"Votre pr\u00e9nom\" data-reqmsg=\"Ce champ ne peut pas \u00eatre vide\" aria-required=\"true\" data-invmsg=\"texte est non valide\" aria-invalid=\"false\"  \/>\r\n    \r\n    \r\n<\/div>\n<div id=\"frm_field_10_container\" class=\"frm_form_field form-field  frm_required_field frm_top_container frm_half\">\r\n    <label for=\"field_sn0s8\" id=\"field_sn0s8_label\" class=\"frm_primary_label\">Email\r\n        <span class=\"frm_required\" aria-hidden=\"true\">*<\/span>\r\n    <\/label>\r\n    <input type=\"email\" id=\"field_sn0s8\" name=\"item_meta[10]\" value=\"\"  maxlength=\"255\" placeholder=\"mail@exemple.com\" data-reqmsg=\"Ce champ ne peut pas \u00eatre vide\" aria-required=\"true\" data-invmsg=\"Email est non valide\" aria-invalid=\"false\"  \/>\r\n    \r\n    \r\n<\/div>\n<div id=\"frm_field_11_container\" class=\"frm_form_field form-field  frm_required_field frm_top_container frm_half\">\r\n    <label for=\"field_qhbju\" id=\"field_qhbju_label\" class=\"frm_primary_label\">T\u00e9l\u00e9phone\r\n        <span class=\"frm_required\" aria-hidden=\"true\">*<\/span>\r\n    <\/label>\r\n    <input type=\"tel\" id=\"field_qhbju\" name=\"item_meta[11]\" value=\"\"  maxlength=\"255\" placeholder=\"Votre num\u00e9ro de t\u00e9l\u00e9phone\" data-reqmsg=\"Ce champ ne peut pas \u00eatre vide\" aria-required=\"true\" data-invmsg=\"T\u00e9l\u00e9phone est non valide\" aria-invalid=\"false\" pattern=\"((\\+\\d{1,3}(-|.| )?\\(?\\d\\)?(-| |.)?\\d{1,5})|(\\(?\\d{2,6}\\)?))(-|.| )?(\\d{3,4})(-|.| )?(\\d{4})(( x| ext)\\d{1,5}){0,1}$\"  \/>\r\n    \r\n    \r\n<\/div>\n<div id=\"frm_field_12_container\" class=\"frm_form_field form-field  frm_required_field frm_top_container\">\r\n    <label for=\"field_jdo4g\" id=\"field_jdo4g_label\" class=\"frm_primary_label\">Message\r\n        <span class=\"frm_required\" aria-hidden=\"true\">*<\/span>\r\n    <\/label>\r\n    <textarea name=\"item_meta[12]\" id=\"field_jdo4g\" rows=\"5\"  placeholder=\"Votre message ou question\" data-reqmsg=\"Ce champ ne peut pas \u00eatre vide\" aria-required=\"true\" data-invmsg=\"Message is invalid\" aria-invalid=\"false\"  ><\/textarea>\r\n    \r\n    \r\n<\/div>\n<div id=\"frm_field_9_container\" class=\"frm_form_field form-field  frm_none_container\">\r\n    <label for=\"g-recaptcha-response\" id=\"field_799qf_label\" class=\"frm_primary_label\">reCAPTCHA\r\n        <span class=\"frm_required\" aria-hidden=\"true\"><\/span>\r\n    <\/label>\r\n    <div  id=\"field_799qf\" class=\"frm-g-recaptcha\" data-sitekey=\"6Ld728oaAAAAADuY4E_O8GRkamApvpcgJ89DFNAz\" data-size=\"invisible\" data-theme=\"light\"><\/div>\r\n    \r\n    \r\n<\/div>\n<div id=\"frm_field_15_container\" class=\"frm_form_field form-field \">\n\t<div class=\"frm_button\">\r\n\r\n<button class=\"submit_button\" type=\"submit\"  >Envoyer<\/button>\r\n\r\n<\/div>\n<\/div>\n\t<input type=\"hidden\" name=\"item_key\" value=\"\" \/>\n\t\t\t<div id=\"frm_field_16_container\">\n\t\t\t<label for=\"field_q4o6g\" >\n\t\t\t\tIf you are human, leave this field blank.\t\t\t<\/label>\n\t\t\t<input  id=\"field_q4o6g\" type=\"text\" class=\"frm_form_field form-field frm_verify\" name=\"item_meta[16]\" value=\"\"  \/>\n\t\t<\/div>\n\t\t<input name=\"frm_state\" type=\"hidden\" value=\"Y+TuK3kiZIEQgK8wv4ACPiizlAxRtkSY0OgVlFJjX4s=\" \/><\/div>\n<\/fieldset>\n<\/div>\n\n<\/form>\n<\/div>\n\n\n\n\n<p>En soumettant ce formulaire, vous acceptez que les informations saisies soient trait\u00e9es pour permettre de vous recontacter. Pour conna\u00eetre et exercer vos droits, notamment de retrait de votre consentement \u00e0 l&#8217;utilisation des donn\u00e9es collect\u00e9es par ce formulaire, veuillez consulter notre&nbsp;<a href=\"https:\/\/support.kapt.mobi\/index.php\/politique-de-confidentialite\/\">politique de confidentialit\u00e9<\/a>&nbsp;.<\/p>\n<\/div>\n<\/div>\n","protected":false},"excerpt":{"rendered":"<p>Un probl\u00e8me, une question ? Besoin d&#8217;informations compl\u00e9mentaires ? ou tout simplement de reprendre contact ? N&#8217;h\u00e9sitez pas \u00e0 nous &hellip; <a href=\"https:\/\/support.kapt.mobi\/index.php\/contact\/\">Read more &rarr;<\/a><\/p>\n","protected":false},"author":1,"featured_media":0,"parent":0,"menu_order":0,"comment_status":"closed","ping_status":"closed","template":"","meta":{"_seopress_robots_primary_cat":"","_seopress_titles_title":"","_seopress_titles_desc":"","_seopress_robots_index":"","footnotes":""},"class_list":["post-182","page","type-page","status-publish","hentry"],"yoast_head":"<!-- This site is optimized with the Yoast SEO plugin v26.0 - https:\/\/yoast.com\/wordpress\/plugins\/seo\/ -->\n<title>Contacter Kapt Support pour plus d&#039;informations - Kapt Support<\/title>\n<meta name=\"description\" content=\"Vous avez un probl\u00e8me ou une question? Retrouvez nous coordonn\u00e9es et notre formulaire de contact pour que nous puissions nous Kapter ;)\" \/>\n<meta name=\"robots\" content=\"index, follow, max-snippet:-1, max-image-preview:large, max-video-preview:-1\" \/>\n<link rel=\"canonical\" href=\"https:\/\/support.kapt.mobi\/index.php\/contact\/\" \/>\n<meta property=\"og:locale\" content=\"en_US\" \/>\n<meta property=\"og:type\" content=\"article\" \/>\n<meta property=\"og:title\" content=\"Contacter Kapt Support pour plus d&#039;informations - Kapt Support\" \/>\n<meta property=\"og:description\" content=\"Vous avez un probl\u00e8me ou une question? Retrouvez nous coordonn\u00e9es et notre formulaire de contact pour que nous puissions nous Kapter ;)\" \/>\n<meta property=\"og:url\" content=\"https:\/\/support.kapt.mobi\/index.php\/contact\/\" \/>\n<meta property=\"og:site_name\" content=\"Kapt Support\" \/>\n<meta property=\"article:modified_time\" content=\"2021-07-15T12:01:36+00:00\" \/>\n<meta property=\"og:image\" content=\"http:\/\/support.kapt.mobi\/wp-content\/uploads\/2021\/07\/undraw_contact_us_15o2-300x165.png\" \/>\n<meta name=\"twitter:card\" content=\"summary_large_image\" \/>\n<meta name=\"twitter:label1\" content=\"Est. reading time\" \/>\n\t<meta name=\"twitter:data1\" content=\"1 minute\" \/>\n<script type=\"application\/ld+json\" class=\"yoast-schema-graph\">{\"@context\":\"https:\/\/schema.org\",\"@graph\":[{\"@type\":\"WebPage\",\"@id\":\"https:\/\/support.kapt.mobi\/index.php\/contact\/\",\"url\":\"https:\/\/support.kapt.mobi\/index.php\/contact\/\",\"name\":\"Contacter Kapt Support pour plus d'informations - Kapt Support\",\"isPartOf\":{\"@id\":\"https:\/\/support.kapt.mobi\/#website\"},\"primaryImageOfPage\":{\"@id\":\"https:\/\/support.kapt.mobi\/index.php\/contact\/#primaryimage\"},\"image\":{\"@id\":\"https:\/\/support.kapt.mobi\/index.php\/contact\/#primaryimage\"},\"thumbnailUrl\":\"http:\/\/support.kapt.mobi\/wp-content\/uploads\/2021\/07\/undraw_contact_us_15o2-300x165.png\",\"datePublished\":\"2021-04-30T12:36:19+00:00\",\"dateModified\":\"2021-07-15T12:01:36+00:00\",\"description\":\"Vous avez un probl\u00e8me ou une question? Retrouvez nous coordonn\u00e9es et notre formulaire de contact pour que nous puissions nous Kapter ;)\",\"breadcrumb\":{\"@id\":\"https:\/\/support.kapt.mobi\/index.php\/contact\/#breadcrumb\"},\"inLanguage\":\"en-US\",\"potentialAction\":[{\"@type\":\"ReadAction\",\"target\":[\"https:\/\/support.kapt.mobi\/index.php\/contact\/\"]}]},{\"@type\":\"ImageObject\",\"inLanguage\":\"en-US\",\"@id\":\"https:\/\/support.kapt.mobi\/index.php\/contact\/#primaryimage\",\"url\":\"http:\/\/support.kapt.mobi\/wp-content\/uploads\/2021\/07\/undraw_contact_us_15o2-300x165.png\",\"contentUrl\":\"http:\/\/support.kapt.mobi\/wp-content\/uploads\/2021\/07\/undraw_contact_us_15o2-300x165.png\"},{\"@type\":\"BreadcrumbList\",\"@id\":\"https:\/\/support.kapt.mobi\/index.php\/contact\/#breadcrumb\",\"itemListElement\":[{\"@type\":\"ListItem\",\"position\":1,\"name\":\"Accueil\",\"item\":\"https:\/\/support.kapt.mobi\/\"},{\"@type\":\"ListItem\",\"position\":2,\"name\":\"Contact\"}]},{\"@type\":\"WebSite\",\"@id\":\"https:\/\/support.kapt.mobi\/#website\",\"url\":\"https:\/\/support.kapt.mobi\/\",\"name\":\"Kapt Support\",\"description\":\"La Documentation en ligne de vos outils KAPT\",\"potentialAction\":[{\"@type\":\"SearchAction\",\"target\":{\"@type\":\"EntryPoint\",\"urlTemplate\":\"https:\/\/support.kapt.mobi\/?s={search_term_string}\"},\"query-input\":{\"@type\":\"PropertyValueSpecification\",\"valueRequired\":true,\"valueName\":\"search_term_string\"}}],\"inLanguage\":\"en-US\"}]}<\/script>\n<!-- \/ Yoast SEO plugin. -->","yoast_head_json":{"title":"Contacter Kapt Support pour plus d'informations - Kapt Support","description":"Vous avez un probl\u00e8me ou une question? Retrouvez nous coordonn\u00e9es et notre formulaire de contact pour que nous puissions nous Kapter ;)","robots":{"index":"index","follow":"follow","max-snippet":"max-snippet:-1","max-image-preview":"max-image-preview:large","max-video-preview":"max-video-preview:-1"},"canonical":"https:\/\/support.kapt.mobi\/index.php\/contact\/","og_locale":"en_US","og_type":"article","og_title":"Contacter Kapt Support pour plus d'informations - Kapt Support","og_description":"Vous avez un probl\u00e8me ou une question? Retrouvez nous coordonn\u00e9es et notre formulaire de contact pour que nous puissions nous Kapter ;)","og_url":"https:\/\/support.kapt.mobi\/index.php\/contact\/","og_site_name":"Kapt Support","article_modified_time":"2021-07-15T12:01:36+00:00","og_image":[{"url":"http:\/\/support.kapt.mobi\/wp-content\/uploads\/2021\/07\/undraw_contact_us_15o2-300x165.png","type":"","width":"","height":""}],"twitter_card":"summary_large_image","twitter_misc":{"Est. reading time":"1 minute"},"schema":{"@context":"https:\/\/schema.org","@graph":[{"@type":"WebPage","@id":"https:\/\/support.kapt.mobi\/index.php\/contact\/","url":"https:\/\/support.kapt.mobi\/index.php\/contact\/","name":"Contacter Kapt Support pour plus d'informations - Kapt Support","isPartOf":{"@id":"https:\/\/support.kapt.mobi\/#website"},"primaryImageOfPage":{"@id":"https:\/\/support.kapt.mobi\/index.php\/contact\/#primaryimage"},"image":{"@id":"https:\/\/support.kapt.mobi\/index.php\/contact\/#primaryimage"},"thumbnailUrl":"http:\/\/support.kapt.mobi\/wp-content\/uploads\/2021\/07\/undraw_contact_us_15o2-300x165.png","datePublished":"2021-04-30T12:36:19+00:00","dateModified":"2021-07-15T12:01:36+00:00","description":"Vous avez un probl\u00e8me ou une question? Retrouvez nous coordonn\u00e9es et notre formulaire de contact pour que nous puissions nous Kapter ;)","breadcrumb":{"@id":"https:\/\/support.kapt.mobi\/index.php\/contact\/#breadcrumb"},"inLanguage":"en-US","potentialAction":[{"@type":"ReadAction","target":["https:\/\/support.kapt.mobi\/index.php\/contact\/"]}]},{"@type":"ImageObject","inLanguage":"en-US","@id":"https:\/\/support.kapt.mobi\/index.php\/contact\/#primaryimage","url":"http:\/\/support.kapt.mobi\/wp-content\/uploads\/2021\/07\/undraw_contact_us_15o2-300x165.png","contentUrl":"http:\/\/support.kapt.mobi\/wp-content\/uploads\/2021\/07\/undraw_contact_us_15o2-300x165.png"},{"@type":"BreadcrumbList","@id":"https:\/\/support.kapt.mobi\/index.php\/contact\/#breadcrumb","itemListElement":[{"@type":"ListItem","position":1,"name":"Accueil","item":"https:\/\/support.kapt.mobi\/"},{"@type":"ListItem","position":2,"name":"Contact"}]},{"@type":"WebSite","@id":"https:\/\/support.kapt.mobi\/#website","url":"https:\/\/support.kapt.mobi\/","name":"Kapt Support","description":"La Documentation en ligne de vos outils KAPT","potentialAction":[{"@type":"SearchAction","target":{"@type":"EntryPoint","urlTemplate":"https:\/\/support.kapt.mobi\/?s={search_term_string}"},"query-input":{"@type":"PropertyValueSpecification","valueRequired":true,"valueName":"search_term_string"}}],"inLanguage":"en-US"}]}},"_links":{"self":[{"href":"https:\/\/support.kapt.mobi\/index.php\/wp-json\/wp\/v2\/pages\/182","targetHints":{"allow":["GET"]}}],"collection":[{"href":"https:\/\/support.kapt.mobi\/index.php\/wp-json\/wp\/v2\/pages"}],"about":[{"href":"https:\/\/support.kapt.mobi\/index.php\/wp-json\/wp\/v2\/types\/page"}],"author":[{"embeddable":true,"href":"https:\/\/support.kapt.mobi\/index.php\/wp-json\/wp\/v2\/users\/1"}],"replies":[{"embeddable":true,"href":"https:\/\/support.kapt.mobi\/index.php\/wp-json\/wp\/v2\/comments?post=182"}],"version-history":[{"count":139,"href":"https:\/\/support.kapt.mobi\/index.php\/wp-json\/wp\/v2\/pages\/182\/revisions"}],"predecessor-version":[{"id":3635,"href":"https:\/\/support.kapt.mobi\/index.php\/wp-json\/wp\/v2\/pages\/182\/revisions\/3635"}],"wp:attachment":[{"href":"https:\/\/support.kapt.mobi\/index.php\/wp-json\/wp\/v2\/media?parent=182"}],"curies":[{"name":"wp","href":"https:\/\/api.w.org\/{rel}","templated":true}]}}