{"id":204,"date":"2021-04-30T14:59:39","date_gmt":"2021-04-30T12:59:39","guid":{"rendered":"https:\/\/support.kapt.mobi\/?page_id=204"},"modified":"2021-06-03T10:20:19","modified_gmt":"2021-06-03T08:20:19","slug":"a-propos-doc-kapt","status":"publish","type":"page","link":"https:\/\/support.kapt.mobi\/index.php\/a-propos-doc-kapt\/","title":{"rendered":"A propos de cette documentation"},"content":{"rendered":"<p>Bienvenue sur la documentation en ligne des outils KAPT ! Ces pages n&#8217;ont pas vocation \u00e0 remplacer les excellentes sessions de formation dispens\u00e9es par l&#8217;\u00e9quipe, mais simplement d&#8217;\u00eatre des piquettes de rappel (indolores) sur des points particuliers qui auraient subis l&#8217;oubli faute de pratique.<\/p>\n<h2 id=\"aproposarborescence\">L&#8217;arborescence de cette doc<\/h2>\n<p>Nous avons imagin\u00e9 un d\u00e9coupage qui colle \u00e0 un s\u00e9quen\u00e7age logique de l&#8217;utilisation de nos outils. On esp\u00e8re donc que vous retrouverez cette logique dans le menu.<\/p>\n<p><!-- \/wp:post-content --><!-- wp:paragraph --><\/p>\n<p>Sinon, il y a toujours un bouton &#8220;Rechercher&#8221; dans pour trouver le contenu voulu. S&#8217;il n&#8217;y est pas, ou si vous ne le trouvez pas, n&#8217;h\u00e9sitez pas \u00e0 nous le signaler via le formulaire de contact de ce site. C&#8217;est ainsi que s&#8217;\u00e9toffe cette documentation.<\/p>\n<h2 id=\"aproposformat\">Le format des supports<\/h2>\n<p>Nous avons privil\u00e9gi\u00e9 des formats visuels et notamment la vid\u00e9o \u00e0 travers des <em>screencast<\/em>. Ce format nous semble \u00eatre le plus adapt\u00e9 pour pr\u00e9senter le format d&#8217;une fonctionnalit\u00e9.<\/p>\n<p><!-- \/wp:paragraph --><!-- wp:paragraph --><\/p>\n<p>Parfois, nous nous plongeons dans des explications textuelles en essayant de ne pas \u00eatre trop verbeux. Si cela ne suffit pas, indiquez-le nous.<\/p>\n<h2 id=\"aproposversion\">La version concern\u00e9e<\/h2>\n<p>Et oui, tout bouge trop vite &#8230; il est donc possible que les captures d&#8217;\u00e9cran ou vid\u00e9os utilis\u00e9es pr\u00e9sentent des fonctionnalit\u00e9s dans une autre version que celle des outils install\u00e9s sur votre projet.<\/p>\n<p><!-- \/wp:paragraph --><!-- wp:paragraph --><\/p>\n<p>Nous essayons de plut\u00f4t pr\u00e9senter les derni\u00e8res versions des outils dans cette documentation en ligne. G\u00e9n\u00e9ralement, le principe reste le m\u00eame, seul le rendu diff\u00e8re. L&#8217;explication devrait donc quand m\u00eame r\u00e9pondre \u00e0 vos questions.<\/p>\n<p><!-- \/wp:paragraph --><!-- wp:paragraph --><\/p>\n<p>Sinon, n&#8217;h\u00e9sitez pas \u00e0 nous le signaler.<\/p>\n<p><!-- \/wp:paragraph --><!-- wp:heading --><\/p>\n<h2 id=\"aproposformation\">Besoin d&#8217;une formation compl\u00e9mentaire ?<\/h2>\n<p>Malgr\u00e9 tous ces efforts, nous pouvons comprendre qu&#8217;une formation compl\u00e9mentaire peut \u00eatre n\u00e9cessaire. Nous en proposons sur les m\u00eames bases que la formation initiale : \u00e0 savoir journ\u00e9e ou demi-journ\u00e9e en groupe de 3, 4 ou 5 personnes maximum afin de rester efficace.<\/p>\n<p><!-- \/wp:heading --><!-- wp:paragraph --><\/p>\n<p>Par ailleurs, depuis peu, nous proposons aussi des formations sp\u00e9cifiques \u00e0 la mise en page Responsive Web Design. L&#8217;objectif ici n&#8217;est plus la maitrise de l&#8217;outil mais plut\u00f4t un ensemble de trucs et astuces de la part de notre <em>WebDesigner<\/em> afin de rendre facilement vos pages plus attrayantes.<\/p>\n<p><!-- \/wp:paragraph --><!-- wp:heading --><\/p>\n<p><!-- wp:spacer {\"height\":50} --><\/p>\n<p><!-- \/wp:spacer --><\/p>\n\n<!-- wp:spacer {\"height\":50} -->\n<div style=\"height:50px\" aria-hidden=\"true\" class=\"wp-block-spacer\"><\/div>\n<!-- \/wp:spacer -->\n\n<!-- wp:columns -->\n<div class=\"wp-block-columns\"><!-- wp:column -->\n<div class=\"wp-block-column\"><!-- wp:buttons {\"contentJustification\":\"center\"} -->\n<div class=\"wp-block-buttons is-content-justification-center\"><!-- wp:button -->\n<div class=\"wp-block-button\"><a class=\"wp-block-button__link\" href=\"https:\/\/support.kapt.mobi\/index.php\/docs\/kapt-doc\/\">Commencer \u00e0 lire !<\/a><\/div>\n<!-- \/wp:button --><\/div>\n<!-- \/wp:buttons --><\/div>\n<!-- \/wp:column -->\n\n<!-- wp:column -->\n<div class=\"wp-block-column\"><!-- wp:buttons {\"contentJustification\":\"center\"} -->\n<div class=\"wp-block-buttons is-content-justification-center\"><!-- wp:button -->\n<div class=\"wp-block-button\"><a class=\"wp-block-button__link\" href=\"https:\/\/support.kapt.mobi\/index.php\/contact\/\">B\u00e9n\u00e9ficier d&#8217;une formation !<\/a><\/div>\n<!-- \/wp:button --><\/div>\n<!-- \/wp:buttons --><\/div>\n<!-- \/wp:column --><\/div>\n<!-- \/wp:columns -->","protected":false},"excerpt":{"rendered":"<p>Bienvenue sur la documentation en ligne des outils KAPT ! Ces pages n&#8217;ont pas vocation \u00e0 remplacer les excellentes sessions &hellip; <a href=\"https:\/\/support.kapt.mobi\/index.php\/a-propos-doc-kapt\/\">Read more &rarr;<\/a><\/p>\n","protected":false},"author":1,"featured_media":0,"parent":0,"menu_order":0,"comment_status":"closed","ping_status":"closed","template":"","meta":{"_seopress_robots_primary_cat":"","_seopress_titles_title":"","_seopress_titles_desc":"","_seopress_robots_index":"","footnotes":""},"class_list":["post-204","page","type-page","status-publish","hentry"],"yoast_head":"<!-- This site is optimized with the Yoast SEO plugin v26.0 - https:\/\/yoast.com\/wordpress\/plugins\/seo\/ -->\n<title>A propos de cette documentation - Kapt Support<\/title>\n<meta name=\"description\" content=\"Faisons le point ensemble sur tout ce qu&#039;il y a \u00e0 savoir \u00e0 propos de cette documentation des outils KAPT.\" \/>\n<meta name=\"robots\" content=\"index, follow, max-snippet:-1, max-image-preview:large, max-video-preview:-1\" \/>\n<link rel=\"canonical\" href=\"https:\/\/support.kapt.mobi\/index.php\/a-propos-doc-kapt\/\" \/>\n<meta property=\"og:locale\" content=\"en_US\" \/>\n<meta property=\"og:type\" content=\"article\" \/>\n<meta property=\"og:title\" content=\"A propos de cette documentation - Kapt Support\" \/>\n<meta property=\"og:description\" content=\"Faisons le point ensemble sur tout ce qu&#039;il y a \u00e0 savoir \u00e0 propos de cette documentation des outils KAPT.\" \/>\n<meta property=\"og:url\" content=\"https:\/\/support.kapt.mobi\/index.php\/a-propos-doc-kapt\/\" \/>\n<meta property=\"og:site_name\" content=\"Kapt Support\" \/>\n<meta property=\"article:modified_time\" content=\"2021-06-03T08:20:19+00:00\" \/>\n<meta name=\"twitter:card\" content=\"summary_large_image\" \/>\n<meta name=\"twitter:label1\" content=\"Est. reading time\" \/>\n\t<meta name=\"twitter:data1\" content=\"2 minutes\" \/>\n<script type=\"application\/ld+json\" class=\"yoast-schema-graph\">{\"@context\":\"https:\/\/schema.org\",\"@graph\":[{\"@type\":\"WebPage\",\"@id\":\"https:\/\/support.kapt.mobi\/index.php\/a-propos-doc-kapt\/\",\"url\":\"https:\/\/support.kapt.mobi\/index.php\/a-propos-doc-kapt\/\",\"name\":\"A propos de cette documentation - Kapt Support\",\"isPartOf\":{\"@id\":\"https:\/\/support.kapt.mobi\/#website\"},\"datePublished\":\"2021-04-30T12:59:39+00:00\",\"dateModified\":\"2021-06-03T08:20:19+00:00\",\"description\":\"Faisons le point ensemble sur tout ce qu'il y a \u00e0 savoir \u00e0 propos de cette documentation des outils KAPT.\",\"breadcrumb\":{\"@id\":\"https:\/\/support.kapt.mobi\/index.php\/a-propos-doc-kapt\/#breadcrumb\"},\"inLanguage\":\"en-US\",\"potentialAction\":[{\"@type\":\"ReadAction\",\"target\":[\"https:\/\/support.kapt.mobi\/index.php\/a-propos-doc-kapt\/\"]}]},{\"@type\":\"BreadcrumbList\",\"@id\":\"https:\/\/support.kapt.mobi\/index.php\/a-propos-doc-kapt\/#breadcrumb\",\"itemListElement\":[{\"@type\":\"ListItem\",\"position\":1,\"name\":\"Accueil\",\"item\":\"https:\/\/support.kapt.mobi\/\"},{\"@type\":\"ListItem\",\"position\":2,\"name\":\"A propos de cette documentation\"}]},{\"@type\":\"WebSite\",\"@id\":\"https:\/\/support.kapt.mobi\/#website\",\"url\":\"https:\/\/support.kapt.mobi\/\",\"name\":\"Kapt Support\",\"description\":\"La Documentation en ligne de vos outils KAPT\",\"potentialAction\":[{\"@type\":\"SearchAction\",\"target\":{\"@type\":\"EntryPoint\",\"urlTemplate\":\"https:\/\/support.kapt.mobi\/?s={search_term_string}\"},\"query-input\":{\"@type\":\"PropertyValueSpecification\",\"valueRequired\":true,\"valueName\":\"search_term_string\"}}],\"inLanguage\":\"en-US\"}]}<\/script>\n<!-- \/ Yoast SEO plugin. -->","yoast_head_json":{"title":"A propos de cette documentation - Kapt Support","description":"Faisons le point ensemble sur tout ce qu'il y a \u00e0 savoir \u00e0 propos de cette documentation des outils KAPT.","robots":{"index":"index","follow":"follow","max-snippet":"max-snippet:-1","max-image-preview":"max-image-preview:large","max-video-preview":"max-video-preview:-1"},"canonical":"https:\/\/support.kapt.mobi\/index.php\/a-propos-doc-kapt\/","og_locale":"en_US","og_type":"article","og_title":"A propos de cette documentation - Kapt Support","og_description":"Faisons le point ensemble sur tout ce qu'il y a \u00e0 savoir \u00e0 propos de cette documentation des outils KAPT.","og_url":"https:\/\/support.kapt.mobi\/index.php\/a-propos-doc-kapt\/","og_site_name":"Kapt Support","article_modified_time":"2021-06-03T08:20:19+00:00","twitter_card":"summary_large_image","twitter_misc":{"Est. reading time":"2 minutes"},"schema":{"@context":"https:\/\/schema.org","@graph":[{"@type":"WebPage","@id":"https:\/\/support.kapt.mobi\/index.php\/a-propos-doc-kapt\/","url":"https:\/\/support.kapt.mobi\/index.php\/a-propos-doc-kapt\/","name":"A propos de cette documentation - Kapt Support","isPartOf":{"@id":"https:\/\/support.kapt.mobi\/#website"},"datePublished":"2021-04-30T12:59:39+00:00","dateModified":"2021-06-03T08:20:19+00:00","description":"Faisons le point ensemble sur tout ce qu'il y a \u00e0 savoir \u00e0 propos de cette documentation des outils KAPT.","breadcrumb":{"@id":"https:\/\/support.kapt.mobi\/index.php\/a-propos-doc-kapt\/#breadcrumb"},"inLanguage":"en-US","potentialAction":[{"@type":"ReadAction","target":["https:\/\/support.kapt.mobi\/index.php\/a-propos-doc-kapt\/"]}]},{"@type":"BreadcrumbList","@id":"https:\/\/support.kapt.mobi\/index.php\/a-propos-doc-kapt\/#breadcrumb","itemListElement":[{"@type":"ListItem","position":1,"name":"Accueil","item":"https:\/\/support.kapt.mobi\/"},{"@type":"ListItem","position":2,"name":"A propos de cette documentation"}]},{"@type":"WebSite","@id":"https:\/\/support.kapt.mobi\/#website","url":"https:\/\/support.kapt.mobi\/","name":"Kapt Support","description":"La Documentation en ligne de vos outils KAPT","potentialAction":[{"@type":"SearchAction","target":{"@type":"EntryPoint","urlTemplate":"https:\/\/support.kapt.mobi\/?s={search_term_string}"},"query-input":{"@type":"PropertyValueSpecification","valueRequired":true,"valueName":"search_term_string"}}],"inLanguage":"en-US"}]}},"_links":{"self":[{"href":"https:\/\/support.kapt.mobi\/index.php\/wp-json\/wp\/v2\/pages\/204","targetHints":{"allow":["GET"]}}],"collection":[{"href":"https:\/\/support.kapt.mobi\/index.php\/wp-json\/wp\/v2\/pages"}],"about":[{"href":"https:\/\/support.kapt.mobi\/index.php\/wp-json\/wp\/v2\/types\/page"}],"author":[{"embeddable":true,"href":"https:\/\/support.kapt.mobi\/index.php\/wp-json\/wp\/v2\/users\/1"}],"replies":[{"embeddable":true,"href":"https:\/\/support.kapt.mobi\/index.php\/wp-json\/wp\/v2\/comments?post=204"}],"version-history":[{"count":42,"href":"https:\/\/support.kapt.mobi\/index.php\/wp-json\/wp\/v2\/pages\/204\/revisions"}],"predecessor-version":[{"id":3492,"href":"https:\/\/support.kapt.mobi\/index.php\/wp-json\/wp\/v2\/pages\/204\/revisions\/3492"}],"wp:attachment":[{"href":"https:\/\/support.kapt.mobi\/index.php\/wp-json\/wp\/v2\/media?parent=204"}],"curies":[{"name":"wp","href":"https:\/\/api.w.org\/{rel}","templated":true}]}}