{"id":3,"date":"2021-04-29T13:50:57","date_gmt":"2021-04-29T11:50:57","guid":{"rendered":"http:\/\/support.kapt.mobi\/?page_id=3"},"modified":"2021-07-15T14:20:54","modified_gmt":"2021-07-15T12:20:54","slug":"politique-de-confidentialite","status":"publish","type":"page","link":"https:\/\/support.kapt.mobi\/index.php\/politique-de-confidentialite\/","title":{"rendered":"Politique de confidentialit\u00e9 &#8211; donn\u00e9es personnelles"},"content":{"rendered":"\n<p>Kapt s\u2019engage \u00e0 ce que les traitements de donn\u00e9es personnelles effectu\u00e9s sur support.kapt.mobi soient conformes au r\u00e8glement g\u00e9n\u00e9ral sur la protection des donn\u00e9es (RGPD) et \u00e0 la loi Informatique et Libert\u00e9s.<\/p>\n\n\n\n<p>Kapt s\u2019engage \u00e0 limiter la collecte des donn\u00e9es personnelles au strict n\u00e9cessaire (minimisation des donn\u00e9es).<\/p>\n\n\n\n<p>Le site n\u2019est pas d\u00e9clar\u00e9 \u00e0 la CNIL car il ne recueille pas d\u2019informations personnelles.<\/p>\n\n\n\n<p>L\u2019h\u00e9bergement de la plateforme support.kapt.mobi est r\u00e9alis\u00e9 par l\u2019infrastructure Alwaysdata avec un degr\u00e9 de s\u00e9curit\u00e9 optimal. Cela signifie notamment que les acc\u00e8s physiques aux syst\u00e8mes sont rigoureusement contr\u00f4l\u00e9s, que les logiciels et syst\u00e8mes sont surveill\u00e9s, patch\u00e9s et mis \u00e0 jour avec les mises \u00e0 niveau de s\u00e9curit\u00e9 concern\u00e9es, et que des dispositifs anti-intrusion pour pr\u00e9venir les attaques sont utilis\u00e9s.<\/p>\n\n\n\n<h2 class=\"wp-block-heading\">Types de donn\u00e9es collect\u00e9es<\/h2>\n\n\n\n<p>Dans le cadre de l\u2019utilisation des services et offres propos\u00e9s sur le site support.kapt.mobi, nous pouvons collecter et traiter les donn\u00e9es \u00e0 caract\u00e8re personnel telles que vos coordonn\u00e9es, nom, pr\u00e9nom, adresse, t\u00e9l\u00e9phone, e-mail\u2026 via des formulaires.<\/p>\n\n\n\n<h2 class=\"wp-block-heading\">Finalit\u00e9s des donn\u00e9es collect\u00e9es<\/h2>\n\n\n\n<p>Kapt utilise les informations que vous fournissez conform\u00e9ment \u00e0 la pr\u00e9sente Politique de Confidentialit\u00e9. Ces informations pourront \u00eatre utilis\u00e9es dans le cadre de la gestion de la relation client et prospect.<\/p>\n\n\n\n<h2 class=\"wp-block-heading\">Dur\u00e9e de conservation des donn\u00e9es<\/h2>\n\n\n\n<p>Les donn\u00e9es \u00e0 caract\u00e8re personnel relatives \u00e0 la gestion de client pourront \u00eatre conserv\u00e9es pendant un d\u00e9lai de trois ans \u00e0 compter de leur collecte.<\/p>\n\n\n\n<h2 class=\"wp-block-heading\">Responsable du traitement des donn\u00e9es personnelles<\/h2>\n\n\n\n<p>Kapt,<br>1 rue Marc Seguin 26300 ALIXAN<br>est le contr\u00f4leur (d\u00e9l\u00e9gu\u00e9) des donn\u00e9es et est responsable du traitement de vos donn\u00e9es personnelles.<\/p>\n\n\n\n<h2 class=\"wp-block-heading\">Exercer vos droits<\/h2>\n\n\n\n<p>Conform\u00e9ment aux dispositions de la loi n\u00b0 78-17 du 6 janvier 1978 relative \u00e0 l\u2019informatique, aux fichiers et aux libert\u00e9s, aucune information personnelle n\u2019est collect\u00e9e \u00e0 votre insu ou c\u00e9d\u00e9e \u00e0 des tiers. Vous disposez d\u2019un droit d\u2019acc\u00e8s, de rectification et d\u2019opposition aux donn\u00e9es vous concernant. Si vous souhaitez exercer ces droits, veuillez-vous adresser au&nbsp;:<\/p>\n\n\n\n<p>Kapt,<br>1 rue Marc Seguin 26300 ALIXAN<br><a href=\"mailto:contact@kapt.mobi\">contact@kapt.mobi<\/a><\/p>\n\n\n\n<h2 class=\"wp-block-heading\">A propos des cookies<\/h2>\n\n\n\n<p>Afin d\u2019am\u00e9liorer l\u2019interactivit\u00e9 du site et nos services, des t\u00e9moins de connexions, dits \u00ab&nbsp;cookies&nbsp;\u00bb, sont d\u00e9pos\u00e9s sur votre ordinateur, votre mobile ou votre tablette.<\/p>\n\n\n\n<p>Les cookies ont de multiples usages&nbsp;: ils peuvent servir \u00e0 m\u00e9moriser votre identifiant client aupr\u00e8s d\u2019un site marchand, le contenu courant de votre panier d\u2019achat, un identifiant permettant de tracer votre navigation pour des finalit\u00e9s statistiques ou publicitaires, etc.<\/p>\n\n\n\n<p>Les 3 diff\u00e9rents types de cookies\u00a0:<\/p>\n\n\n\n<ul class=\"wp-block-list\"><li><strong>Cookies internes n\u00e9cessaires au site pour fonctionner<\/strong><br>Ces cookies permettent au site de fonctionner de mani\u00e8re optimale. Vous pouvez vous y opposer et les supprimer en utilisant les param\u00e8tres de votre navigateur, cependant votre exp\u00e9rience utilisateur risque d\u2019\u00eatre d\u00e9grad\u00e9e.<\/li><li><strong>Cookies de mesure d\u2019audience<\/strong><br>En vue d\u2019adapter le site aux demandes de ses visiteurs, nous mesurons le nombre de visites, le nombre de pages vues ainsi que l\u2019activit\u00e9 des visiteurs sur le site et leur fr\u00e9quence de retour.<\/li><li><strong>Cookies tiers destin\u00e9s \u00e0 am\u00e9liorer l\u2019interactivit\u00e9 du site<\/strong><br>Le site de support de Kapt peut s&#8217;appuyer sur certains services propos\u00e9s par des sites tiers. Il s\u2019agit notamment\u00a0:<ul><li>Des boutons de partage (notamment Twitter et Facebook)<\/li><li>Des listes de tweets (notamment Twitter)<\/li><li>Des vid\u00e9os diffus\u00e9es sur le site (notamment Youtube et Dailymotion)<\/li><\/ul><\/li><\/ul>\n\n\n\n<p>Ces fonctionnalit\u00e9s utilisent des cookies tiers directement d\u00e9pos\u00e9s par ces services. Lors de votre premi\u00e8re visite sur support.kapt.mobi, un bandeau vous informe de la pr\u00e9sence de ces cookies et vous invite \u00e0 indiquer votre choix. Pour certains de ces services les cookies ne sont d\u00e9pos\u00e9s que si vous acceptez express\u00e9ment l&#8217;utilisation de ces services (par exemple : YouTube). D&#8217;autres services d\u00e9posent des cookies pour une utilisation anonyme et ceci d\u00e8s la premi\u00e8re page consult\u00e9e, vous pouvez express\u00e9ment refuser ces cookies via le bandeau de Gestion des cookies (Google analytics anonyme). Enfin certains services sont indispensables au fonctionnement du site et n\u00e9cessitent des cookies qui ne peuvent \u00eatre refus\u00e9s (reCaptcha).<\/p>\n\n\n\n<p>Vous pouvez \u00e0 tout moment vous informer et param\u00e9trer vos cookies pour les accepter ou les refuser en vous rendant dans le bandeau de Gestion des cookies pr\u00e9sent en pied de chaque page du site. Vous pourrez indiquer votre pr\u00e9f\u00e9rence soit globalement pour le site, soit service par service.<\/p>\n\n\n\n<h2 class=\"wp-block-heading\">Modifications de la politique de confidentialit\u00e9<\/h2>\n\n\n\n<p>Kapt peut modifier ou mettre \u00e0 jour la pr\u00e9sente Politique de confidentialit\u00e9 lorsque cela est n\u00e9cessaire pour refl\u00e9ter les changements de la loi, des r\u00e9glementations ou de la pratique en vigueur. C\u2019est pourquoi, nous vous invitons \u00e0 la consulter p\u00e9riodiquement.<\/p>\n","protected":false},"excerpt":{"rendered":"<p>Kapt s\u2019engage \u00e0 ce que les traitements de donn\u00e9es personnelles effectu\u00e9s sur support.kapt.mobi soient conformes au r\u00e8glement g\u00e9n\u00e9ral sur la &hellip; <a href=\"https:\/\/support.kapt.mobi\/index.php\/politique-de-confidentialite\/\">Read more &rarr;<\/a><\/p>\n","protected":false},"author":1,"featured_media":0,"parent":0,"menu_order":0,"comment_status":"closed","ping_status":"open","template":"","meta":{"_seopress_robots_primary_cat":"","_seopress_titles_title":"","_seopress_titles_desc":"","_seopress_robots_index":"","footnotes":""},"class_list":["post-3","page","type-page","status-publish","hentry"],"yoast_head":"<!-- This site is optimized with the Yoast SEO plugin v26.0 - https:\/\/yoast.com\/wordpress\/plugins\/seo\/ -->\n<title>Politique de confidentialit\u00e9 - donn\u00e9es personnelles et donn\u00e9es personnelles - Kapt Support<\/title>\n<meta name=\"robots\" content=\"index, follow, max-snippet:-1, max-image-preview:large, max-video-preview:-1\" \/>\n<link rel=\"canonical\" href=\"https:\/\/support.kapt.mobi\/index.php\/politique-de-confidentialite\/\" \/>\n<meta property=\"og:locale\" content=\"en_US\" \/>\n<meta property=\"og:type\" content=\"article\" \/>\n<meta property=\"og:title\" content=\"Politique de confidentialit\u00e9 - donn\u00e9es personnelles et donn\u00e9es personnelles - Kapt Support\" \/>\n<meta property=\"og:description\" content=\"Kapt s\u2019engage \u00e0 ce que les traitements de donn\u00e9es personnelles effectu\u00e9s sur support.kapt.mobi soient conformes au r\u00e8glement g\u00e9n\u00e9ral sur la &hellip; Read more &rarr;\" \/>\n<meta property=\"og:url\" content=\"https:\/\/support.kapt.mobi\/index.php\/politique-de-confidentialite\/\" \/>\n<meta property=\"og:site_name\" content=\"Kapt Support\" \/>\n<meta property=\"article:modified_time\" content=\"2021-07-15T12:20:54+00:00\" \/>\n<meta name=\"twitter:card\" content=\"summary_large_image\" \/>\n<meta name=\"twitter:label1\" content=\"Est. reading time\" \/>\n\t<meta name=\"twitter:data1\" content=\"4 minutes\" \/>\n<script type=\"application\/ld+json\" class=\"yoast-schema-graph\">{\"@context\":\"https:\/\/schema.org\",\"@graph\":[{\"@type\":\"WebPage\",\"@id\":\"https:\/\/support.kapt.mobi\/index.php\/politique-de-confidentialite\/\",\"url\":\"https:\/\/support.kapt.mobi\/index.php\/politique-de-confidentialite\/\",\"name\":\"Politique de confidentialit\u00e9 - donn\u00e9es personnelles et donn\u00e9es personnelles - Kapt Support\",\"isPartOf\":{\"@id\":\"https:\/\/support.kapt.mobi\/#website\"},\"datePublished\":\"2021-04-29T11:50:57+00:00\",\"dateModified\":\"2021-07-15T12:20:54+00:00\",\"breadcrumb\":{\"@id\":\"https:\/\/support.kapt.mobi\/index.php\/politique-de-confidentialite\/#breadcrumb\"},\"inLanguage\":\"en-US\",\"potentialAction\":[{\"@type\":\"ReadAction\",\"target\":[\"https:\/\/support.kapt.mobi\/index.php\/politique-de-confidentialite\/\"]}]},{\"@type\":\"BreadcrumbList\",\"@id\":\"https:\/\/support.kapt.mobi\/index.php\/politique-de-confidentialite\/#breadcrumb\",\"itemListElement\":[{\"@type\":\"ListItem\",\"position\":1,\"name\":\"Accueil\",\"item\":\"https:\/\/support.kapt.mobi\/\"},{\"@type\":\"ListItem\",\"position\":2,\"name\":\"Politique de confidentialit\u00e9 &#8211; donn\u00e9es personnelles\"}]},{\"@type\":\"WebSite\",\"@id\":\"https:\/\/support.kapt.mobi\/#website\",\"url\":\"https:\/\/support.kapt.mobi\/\",\"name\":\"Kapt Support\",\"description\":\"La Documentation en ligne de vos outils KAPT\",\"potentialAction\":[{\"@type\":\"SearchAction\",\"target\":{\"@type\":\"EntryPoint\",\"urlTemplate\":\"https:\/\/support.kapt.mobi\/?s={search_term_string}\"},\"query-input\":{\"@type\":\"PropertyValueSpecification\",\"valueRequired\":true,\"valueName\":\"search_term_string\"}}],\"inLanguage\":\"en-US\"}]}<\/script>\n<!-- \/ Yoast SEO plugin. -->","yoast_head_json":{"title":"Politique de confidentialit\u00e9 - donn\u00e9es personnelles et donn\u00e9es personnelles - Kapt Support","robots":{"index":"index","follow":"follow","max-snippet":"max-snippet:-1","max-image-preview":"max-image-preview:large","max-video-preview":"max-video-preview:-1"},"canonical":"https:\/\/support.kapt.mobi\/index.php\/politique-de-confidentialite\/","og_locale":"en_US","og_type":"article","og_title":"Politique de confidentialit\u00e9 - donn\u00e9es personnelles et donn\u00e9es personnelles - Kapt Support","og_description":"Kapt s\u2019engage \u00e0 ce que les traitements de donn\u00e9es personnelles effectu\u00e9s sur support.kapt.mobi soient conformes au r\u00e8glement g\u00e9n\u00e9ral sur la &hellip; Read more &rarr;","og_url":"https:\/\/support.kapt.mobi\/index.php\/politique-de-confidentialite\/","og_site_name":"Kapt Support","article_modified_time":"2021-07-15T12:20:54+00:00","twitter_card":"summary_large_image","twitter_misc":{"Est. reading time":"4 minutes"},"schema":{"@context":"https:\/\/schema.org","@graph":[{"@type":"WebPage","@id":"https:\/\/support.kapt.mobi\/index.php\/politique-de-confidentialite\/","url":"https:\/\/support.kapt.mobi\/index.php\/politique-de-confidentialite\/","name":"Politique de confidentialit\u00e9 - donn\u00e9es personnelles et donn\u00e9es personnelles - Kapt Support","isPartOf":{"@id":"https:\/\/support.kapt.mobi\/#website"},"datePublished":"2021-04-29T11:50:57+00:00","dateModified":"2021-07-15T12:20:54+00:00","breadcrumb":{"@id":"https:\/\/support.kapt.mobi\/index.php\/politique-de-confidentialite\/#breadcrumb"},"inLanguage":"en-US","potentialAction":[{"@type":"ReadAction","target":["https:\/\/support.kapt.mobi\/index.php\/politique-de-confidentialite\/"]}]},{"@type":"BreadcrumbList","@id":"https:\/\/support.kapt.mobi\/index.php\/politique-de-confidentialite\/#breadcrumb","itemListElement":[{"@type":"ListItem","position":1,"name":"Accueil","item":"https:\/\/support.kapt.mobi\/"},{"@type":"ListItem","position":2,"name":"Politique de confidentialit\u00e9 &#8211; donn\u00e9es personnelles"}]},{"@type":"WebSite","@id":"https:\/\/support.kapt.mobi\/#website","url":"https:\/\/support.kapt.mobi\/","name":"Kapt Support","description":"La Documentation en ligne de vos outils KAPT","potentialAction":[{"@type":"SearchAction","target":{"@type":"EntryPoint","urlTemplate":"https:\/\/support.kapt.mobi\/?s={search_term_string}"},"query-input":{"@type":"PropertyValueSpecification","valueRequired":true,"valueName":"search_term_string"}}],"inLanguage":"en-US"}]}},"_links":{"self":[{"href":"https:\/\/support.kapt.mobi\/index.php\/wp-json\/wp\/v2\/pages\/3","targetHints":{"allow":["GET"]}}],"collection":[{"href":"https:\/\/support.kapt.mobi\/index.php\/wp-json\/wp\/v2\/pages"}],"about":[{"href":"https:\/\/support.kapt.mobi\/index.php\/wp-json\/wp\/v2\/types\/page"}],"author":[{"embeddable":true,"href":"https:\/\/support.kapt.mobi\/index.php\/wp-json\/wp\/v2\/users\/1"}],"replies":[{"embeddable":true,"href":"https:\/\/support.kapt.mobi\/index.php\/wp-json\/wp\/v2\/comments?post=3"}],"version-history":[{"count":6,"href":"https:\/\/support.kapt.mobi\/index.php\/wp-json\/wp\/v2\/pages\/3\/revisions"}],"predecessor-version":[{"id":3641,"href":"https:\/\/support.kapt.mobi\/index.php\/wp-json\/wp\/v2\/pages\/3\/revisions\/3641"}],"wp:attachment":[{"href":"https:\/\/support.kapt.mobi\/index.php\/wp-json\/wp\/v2\/media?parent=3"}],"curies":[{"name":"wp","href":"https:\/\/api.w.org\/{rel}","templated":true}]}}