{"id":3242,"date":"2021-05-27T11:18:41","date_gmt":"2021-05-27T09:18:41","guid":{"rendered":"https:\/\/support.kapt.mobi\/?page_id=3242"},"modified":"2021-07-15T14:22:18","modified_gmt":"2021-07-15T12:22:18","slug":"mentions-legales","status":"publish","type":"page","link":"https:\/\/support.kapt.mobi\/index.php\/mentions-legales\/","title":{"rendered":"Mentions l\u00e9gales"},"content":{"rendered":"\n<h2 class=\"wp-block-heading\">D\u00e9finitions<\/h2>\n\n\n\n<p>Dans les pr\u00e9sentes mentions l\u00e9gales, les mots et expressions suivantes ont le sens qui leur est attribu\u00e9 ci-dessous&nbsp;:<\/p>\n\n\n\n<ul class=\"wp-block-list\"><li><strong>site<\/strong>&nbsp;: le pr\u00e9sent site Web accessible \u00e0 l\u2019adresse Web&nbsp;<a href=\"https:\/\/support.kapt.mobi\/\">support.kapt.mobi<\/a>&nbsp;correspondant au domaine WWW.KAPT.MOBI propri\u00e9t\u00e9 de Kapt.<\/li><li><strong>visiteur<\/strong>&nbsp;: personne physique qui est connect\u00e9e au site et qui le consulte.<\/li><li><strong>contenu<\/strong>&nbsp;: ensemble des informations consultables sur le site par un visiteur.<\/li><li><strong>page<\/strong>&nbsp;: un document informatique qui contient une partie du contenu du site, consultable via internet. La page Web (constitu\u00e9e d&#8217;un document et pouvant \u00eatre li\u00e9e \u00e0 d&#8217;autres fichiers graphiques, de scripting ou de mise en page) est l\u2019unit\u00e9 de consultation du World Wide Web. Elle peut-\u00eatre constitu\u00e9e de texte, d&#8217;images, de formulaires, ou de tout autre \u00e9l\u00e9ment multim\u00e9dia et interactif.<\/li><li><strong>URL<\/strong>&nbsp;:&nbsp;<em>Uniform Ressource Locator<\/em>, correspond \u00e0 l\u2019adresse Web d\u2019une page&nbsp;: l&#8217;identifiant unique de la page sur internet, que l&#8217;on peut retrouver dans la barre d\u2019adresse du navigateur Web.<\/li><li><strong>Informations personnelles<\/strong>&nbsp;: \u00ab les informations qui permettent, sous quelque forme que ce soit, directement ou non, l\u2019identification des personnes physiques auxquelles elles s\u2019appliquent \u00bb (article 4 de la loi n\u00b0 78-17 du 6 janvier 1978).<\/li><\/ul>\n\n\n\n<h2 class=\"wp-block-heading\">Pr\u00e9sentation du site<\/h2>\n\n\n\n<p>En vertu de l\u2019article 6 de la loi n\u00b0 2004-575 du 21 juin 2004 pour la confiance dans l\u2019\u00e9conomie num\u00e9rique, il est pr\u00e9cis\u00e9 aux utilisateurs du site l\u2019identit\u00e9 des diff\u00e9rents intervenants dans le cadre de sa r\u00e9alisation et de son suivi :<\/p>\n\n\n\n<ul class=\"wp-block-list\"><li><strong>Propri\u00e9taire<\/strong>&nbsp;: KAPT \u2013 1, rue Marc SEGUIN &#8211; 26300 ALIXAN &#8211; immatricul\u00e9e au RCS de Romans-sur-Is\u00e8re sous le num\u00e9ro 508 334 885.<\/li><li><strong>Directeur g\u00e9n\u00e9ral<\/strong>&nbsp;: GUARDIOLA S\u00e9bastien<\/li><li><strong>Directeur de la publication<\/strong>&nbsp;: GUARDIOLA S\u00e9bastien &lt;contact@kapt.mobi&gt;<\/li><li><strong>Webmaster<\/strong>&nbsp;:&nbsp;<a href=\"https:\/\/www.kapt.mobi\/\">KAPT<\/a>, KAPT SAS \u2013 1, rue Marc SEGUIN &#8211; 26300 ALIXAN &#8211; immatricul\u00e9e au RCS de Romans-sur-Is\u00e8re sous le num\u00e9ro 508 334 885.<\/li><li><strong>H\u00e9bergeur<\/strong>&nbsp;:&nbsp;<a href=\"https:\/\/www.alwaysdata.com\/\">Alwaysdata<\/a>, ALWAYSDATA &#8211; 62, rue Tiquetonne &#8211; 75002 Paris &#8211; immatricul\u00e9e au RCS de Paris sous le num\u00e9ro 492 893 490.<\/li><\/ul>\n\n\n\n<h2 class=\"wp-block-heading\">Propri\u00e9t\u00e9 intellectuelle et contrefa\u00e7ons<\/h2>\n\n\n\n<p>Kapt est propri\u00e9taire des droits de propri\u00e9t\u00e9 intellectuelle ou d\u00e9tient les droits d\u2019usage sur tous les \u00e9l\u00e9ments accessibles sur le site, notamment les textes, images, graphismes, logo, ic\u00f4nes, sons, logiciels, \u00e0 l\u2019exclusion des \u00e9l\u00e9ments mentionn\u00e9s dans la section&nbsp;<a href=\"https:\/\/www.kapt.mobi\/mentions-legales\/credits\/\">Cr\u00e9dits<\/a>&nbsp;ci-dessous.<\/p>\n\n\n\n<p>Toute reproduction, repr\u00e9sentation, modification, publication, adaptation de tout ou partie des \u00e9l\u00e9ments du site, quel que soit le moyen ou le proc\u00e9d\u00e9 utilis\u00e9, est interdite, sauf autorisation \u00e9crite pr\u00e9alable de Kapt.<\/p>\n\n\n\n<p>Toute exploitation non autoris\u00e9e du site ou d\u2019un des \u00e9l\u00e9ments qu\u2019il contient sera consid\u00e9r\u00e9e comme constitutive d\u2019une contrefa\u00e7on et poursuivie conform\u00e9ment aux dispositions des articles L.335-2 et suivants du Code de Propri\u00e9t\u00e9 Intellectuelle.<\/p>\n\n\n\n<h2 class=\"wp-block-heading\">Limitations de responsabilit\u00e9<\/h2>\n\n\n\n<p>Kapt ne pourra \u00eatre tenu responsable des dommages directs et indirects caus\u00e9s au mat\u00e9riel du visiteur, lors de l\u2019acc\u00e8s au site, et r\u00e9sultant soit de l\u2019utilisation d\u2019un mat\u00e9riel ne r\u00e9pondant pas aux sp\u00e9cifications indiqu\u00e9es dans la section \u00ab&nbsp;Limitations contractuelles sur les donn\u00e9es techniques&nbsp;\u00bb, soit de l\u2019apparition d\u2019un bug ou d\u2019une incompatibilit\u00e9.<\/p>\n\n\n\n<p>Kapt ne pourra \u00e9galement \u00eatre tenu responsable des dommages indirects cons\u00e9cutifs \u00e0 l\u2019utilisation du site.<\/p>\n\n\n\n<p>Kapt met tout en \u0153uvre pour offrir aux utilisateurs des informations et\/ou des outils disponibles et v\u00e9rifi\u00e9s mais ne serait \u00eatre tenu pour responsable des erreurs, d&#8217;une absence de disponibilit\u00e9s des fonctionnalit\u00e9s sur son site. Kapt met tout en \u0153uvre pour fournir des informations \u00e0 jour, dans la mesure o\u00f9 les prestataires communiquent les informations les concernant lors des demandes de mises \u00e0 jour annuelles.<\/p>\n\n\n\n<h2 class=\"wp-block-heading\">Gestion des donn\u00e9es personnelles<\/h2>\n\n\n\n<p>En France, les donn\u00e9es personnelles sont notamment prot\u00e9g\u00e9es par la loi n\u00b0 78-87 du 6 janvier 1978, la loi n\u00b0 2004-801 du 6 ao\u00fbt 2004, l\u2019article L. 226-13 du Code p\u00e9nal, la Directive Europ\u00e9enne du 24 octobre 1995 et le R\u00e8glement (UE) 2016\/679 du Parlement europ\u00e9en et du Conseil du 27 avril 2016.<\/p>\n\n\n\n<p>A l\u2019occasion de l\u2019utilisation du site, peuvent \u00eatres recueillies : l\u2019URL des liens par l\u2019interm\u00e9diaire desquels le visiteur a acc\u00e9d\u00e9 au site, le fournisseur d\u2019acc\u00e8s de l\u2019utilisateur, l\u2019adresse de protocole Internet (IP) de l\u2019utilisateur et la zone de consultation.<\/p>\n\n\n\n<p>En tout \u00e9tat de cause Kapt ne collecte des informations personnelles relatives au visiteur que pour le besoin de certains services propos\u00e9s par le site. Le visiteur fournit ces informations en toute connaissance de cause, notamment lorsqu\u2019il proc\u00e8de par lui-m\u00eame \u00e0 leur saisie. Il est alors pr\u00e9cis\u00e9 au visiteur du site l\u2019obligation ou non de fournir ces informations.<\/p>\n\n\n\n<p>Conform\u00e9ment aux dispositions des articles 38 et suivants de la loi 78-17 du 6 janvier 1978 relative \u00e0 l\u2019informatique, aux fichiers et aux libert\u00e9s, tout visiteur dispose d\u2019un droit d\u2019acc\u00e8s, de rectification et d\u2019opposition aux donn\u00e9es personnelles le concernant, en effectuant sa demande \u00e9crite et sign\u00e9e, accompagn\u00e9e d\u2019une copie du titre d\u2019identit\u00e9 avec signature du titulaire de la pi\u00e8ce, en pr\u00e9cisant l\u2019adresse \u00e0 laquelle la r\u00e9ponse doit \u00eatre envoy\u00e9e.<\/p>\n\n\n\n<p>Aucune information personnelle du visiteur du site n\u2019est publi\u00e9e \u00e0 son insu, \u00e9chang\u00e9e, transf\u00e9r\u00e9e, c\u00e9d\u00e9e ou vendue sur un support quelconque \u00e0 des tiers. Seule l\u2019hypoth\u00e8se du rachat de Kapt et de ses droits permettrait la transmission des dites informations \u00e0 l\u2019\u00e9ventuel acqu\u00e9reur qui serait \u00e0 son tour tenu de la m\u00eame obligation de conservation et de modification des donn\u00e9es vis \u00e0 vis de l\u2019utilisateur du site.<\/p>\n\n\n\n<div style=\"height:25px\" aria-hidden=\"true\" class=\"wp-block-spacer\"><\/div>\n\n\n\n<div class=\"wp-block-buttons is-content-justification-center is-layout-flex wp-block-buttons-is-layout-flex\">\n<div class=\"wp-block-button\"><a class=\"wp-block-button__link\" href=\"https:\/\/support.kapt.mobi\/index.php\/politique-de-confidentialite\/\">Consulter notre politique de confidentialit\u00e9<\/a><\/div>\n<\/div>\n\n\n\n<h2 class=\"wp-block-heading\">Droit applicable et juridiction concern\u00e9e<\/h2>\n\n\n\n<p>Tout litige en relation avec l\u2019utilisation du site est soumis au droit fran\u00e7ais. Il est fait attribution exclusive de juridiction du Tribunal de Commerce de Romans-sur-Is\u00e8re.<\/p>\n\n\n\n<p>Loi n\u00b0 78-87 du 6 janvier 1978, notamment modifi\u00e9e par la loi n\u00b0 2004-801 du 6 ao\u00fbt 2004 relative \u00e0 l\u2019informatique, aux fichiers et aux libert\u00e9s.<\/p>\n\n\n\n<p>Loi n\u00b0 2004-575 du 21 juin 2004 pour la confiance dans l\u2019\u00e9conomie num\u00e9rique.<\/p>\n","protected":false},"excerpt":{"rendered":"<p>D\u00e9finitions Dans les pr\u00e9sentes mentions l\u00e9gales, les mots et expressions suivantes ont le sens qui leur est attribu\u00e9 ci-dessous&nbsp;: site&nbsp;: &hellip; <a href=\"https:\/\/support.kapt.mobi\/index.php\/mentions-legales\/\">Read more &rarr;<\/a><\/p>\n","protected":false},"author":2,"featured_media":0,"parent":0,"menu_order":0,"comment_status":"closed","ping_status":"closed","template":"","meta":{"_seopress_robots_primary_cat":"","_seopress_titles_title":"","_seopress_titles_desc":"","_seopress_robots_index":"","footnotes":""},"class_list":["post-3242","page","type-page","status-publish","hentry"],"yoast_head":"<!-- This site is optimized with the Yoast SEO plugin v26.0 - https:\/\/yoast.com\/wordpress\/plugins\/seo\/ -->\n<title>Mentions l\u00e9gales - Kapt Support<\/title>\n<meta name=\"robots\" content=\"index, follow, max-snippet:-1, max-image-preview:large, max-video-preview:-1\" \/>\n<link rel=\"canonical\" href=\"https:\/\/support.kapt.mobi\/index.php\/mentions-legales\/\" \/>\n<meta property=\"og:locale\" content=\"en_US\" \/>\n<meta property=\"og:type\" content=\"article\" \/>\n<meta property=\"og:title\" content=\"Mentions l\u00e9gales - Kapt Support\" \/>\n<meta property=\"og:description\" content=\"D\u00e9finitions Dans les pr\u00e9sentes mentions l\u00e9gales, les mots et expressions suivantes ont le sens qui leur est attribu\u00e9 ci-dessous&nbsp;: site&nbsp;: &hellip; Read more &rarr;\" \/>\n<meta property=\"og:url\" content=\"https:\/\/support.kapt.mobi\/index.php\/mentions-legales\/\" \/>\n<meta property=\"og:site_name\" content=\"Kapt Support\" \/>\n<meta property=\"article:modified_time\" content=\"2021-07-15T12:22:18+00:00\" \/>\n<meta name=\"twitter:card\" content=\"summary_large_image\" \/>\n<meta name=\"twitter:label1\" content=\"Est. reading time\" \/>\n\t<meta name=\"twitter:data1\" content=\"4 minutes\" \/>\n<script type=\"application\/ld+json\" class=\"yoast-schema-graph\">{\"@context\":\"https:\/\/schema.org\",\"@graph\":[{\"@type\":\"WebPage\",\"@id\":\"https:\/\/support.kapt.mobi\/index.php\/mentions-legales\/\",\"url\":\"https:\/\/support.kapt.mobi\/index.php\/mentions-legales\/\",\"name\":\"Mentions l\u00e9gales - Kapt Support\",\"isPartOf\":{\"@id\":\"https:\/\/support.kapt.mobi\/#website\"},\"datePublished\":\"2021-05-27T09:18:41+00:00\",\"dateModified\":\"2021-07-15T12:22:18+00:00\",\"breadcrumb\":{\"@id\":\"https:\/\/support.kapt.mobi\/index.php\/mentions-legales\/#breadcrumb\"},\"inLanguage\":\"en-US\",\"potentialAction\":[{\"@type\":\"ReadAction\",\"target\":[\"https:\/\/support.kapt.mobi\/index.php\/mentions-legales\/\"]}]},{\"@type\":\"BreadcrumbList\",\"@id\":\"https:\/\/support.kapt.mobi\/index.php\/mentions-legales\/#breadcrumb\",\"itemListElement\":[{\"@type\":\"ListItem\",\"position\":1,\"name\":\"Accueil\",\"item\":\"https:\/\/support.kapt.mobi\/\"},{\"@type\":\"ListItem\",\"position\":2,\"name\":\"Mentions l\u00e9gales\"}]},{\"@type\":\"WebSite\",\"@id\":\"https:\/\/support.kapt.mobi\/#website\",\"url\":\"https:\/\/support.kapt.mobi\/\",\"name\":\"Kapt Support\",\"description\":\"La Documentation en ligne de vos outils KAPT\",\"potentialAction\":[{\"@type\":\"SearchAction\",\"target\":{\"@type\":\"EntryPoint\",\"urlTemplate\":\"https:\/\/support.kapt.mobi\/?s={search_term_string}\"},\"query-input\":{\"@type\":\"PropertyValueSpecification\",\"valueRequired\":true,\"valueName\":\"search_term_string\"}}],\"inLanguage\":\"en-US\"}]}<\/script>\n<!-- \/ Yoast SEO plugin. -->","yoast_head_json":{"title":"Mentions l\u00e9gales - Kapt Support","robots":{"index":"index","follow":"follow","max-snippet":"max-snippet:-1","max-image-preview":"max-image-preview:large","max-video-preview":"max-video-preview:-1"},"canonical":"https:\/\/support.kapt.mobi\/index.php\/mentions-legales\/","og_locale":"en_US","og_type":"article","og_title":"Mentions l\u00e9gales - Kapt Support","og_description":"D\u00e9finitions Dans les pr\u00e9sentes mentions l\u00e9gales, les mots et expressions suivantes ont le sens qui leur est attribu\u00e9 ci-dessous&nbsp;: site&nbsp;: &hellip; Read more &rarr;","og_url":"https:\/\/support.kapt.mobi\/index.php\/mentions-legales\/","og_site_name":"Kapt Support","article_modified_time":"2021-07-15T12:22:18+00:00","twitter_card":"summary_large_image","twitter_misc":{"Est. reading time":"4 minutes"},"schema":{"@context":"https:\/\/schema.org","@graph":[{"@type":"WebPage","@id":"https:\/\/support.kapt.mobi\/index.php\/mentions-legales\/","url":"https:\/\/support.kapt.mobi\/index.php\/mentions-legales\/","name":"Mentions l\u00e9gales - Kapt Support","isPartOf":{"@id":"https:\/\/support.kapt.mobi\/#website"},"datePublished":"2021-05-27T09:18:41+00:00","dateModified":"2021-07-15T12:22:18+00:00","breadcrumb":{"@id":"https:\/\/support.kapt.mobi\/index.php\/mentions-legales\/#breadcrumb"},"inLanguage":"en-US","potentialAction":[{"@type":"ReadAction","target":["https:\/\/support.kapt.mobi\/index.php\/mentions-legales\/"]}]},{"@type":"BreadcrumbList","@id":"https:\/\/support.kapt.mobi\/index.php\/mentions-legales\/#breadcrumb","itemListElement":[{"@type":"ListItem","position":1,"name":"Accueil","item":"https:\/\/support.kapt.mobi\/"},{"@type":"ListItem","position":2,"name":"Mentions l\u00e9gales"}]},{"@type":"WebSite","@id":"https:\/\/support.kapt.mobi\/#website","url":"https:\/\/support.kapt.mobi\/","name":"Kapt Support","description":"La Documentation en ligne de vos outils KAPT","potentialAction":[{"@type":"SearchAction","target":{"@type":"EntryPoint","urlTemplate":"https:\/\/support.kapt.mobi\/?s={search_term_string}"},"query-input":{"@type":"PropertyValueSpecification","valueRequired":true,"valueName":"search_term_string"}}],"inLanguage":"en-US"}]}},"_links":{"self":[{"href":"https:\/\/support.kapt.mobi\/index.php\/wp-json\/wp\/v2\/pages\/3242","targetHints":{"allow":["GET"]}}],"collection":[{"href":"https:\/\/support.kapt.mobi\/index.php\/wp-json\/wp\/v2\/pages"}],"about":[{"href":"https:\/\/support.kapt.mobi\/index.php\/wp-json\/wp\/v2\/types\/page"}],"author":[{"embeddable":true,"href":"https:\/\/support.kapt.mobi\/index.php\/wp-json\/wp\/v2\/users\/2"}],"replies":[{"embeddable":true,"href":"https:\/\/support.kapt.mobi\/index.php\/wp-json\/wp\/v2\/comments?post=3242"}],"version-history":[{"count":7,"href":"https:\/\/support.kapt.mobi\/index.php\/wp-json\/wp\/v2\/pages\/3242\/revisions"}],"predecessor-version":[{"id":3642,"href":"https:\/\/support.kapt.mobi\/index.php\/wp-json\/wp\/v2\/pages\/3242\/revisions\/3642"}],"wp:attachment":[{"href":"https:\/\/support.kapt.mobi\/index.php\/wp-json\/wp\/v2\/media?parent=3242"}],"curies":[{"name":"wp","href":"https:\/\/api.w.org\/{rel}","templated":true}]}}